{"id":38,"date":"2013-03-18T23:23:42","date_gmt":"2013-03-18T23:23:42","guid":{"rendered":"https:\/\/pandmeta.lt\/?page_id=38"},"modified":"2023-01-13T12:40:28","modified_gmt":"2023-01-13T12:40:28","slug":"hidrauliniai-pakeliami-stalai","status":"publish","type":"page","link":"https:\/\/www.pandmeta.lt\/en\/produktai\/hidrauliniai-pakeliami-stalai\/","title":{"rendered":"Hidraulic lifting tables"},"content":{"rendered":"<p><a href=\"https:\/\/pandmeta.lt\/wp-content\/uploads\/2013\/03\/IMG_0352.jpg\"><img loading=\"lazy\" decoding=\"async\" class=\"alignleft size-full wp-image-301\" src=\"https:\/\/pandmeta.lt\/wp-content\/uploads\/2013\/03\/IMG_0352.jpg\" alt=\"IMG_0352\" width=\"300\" height=\"225\" \/><\/a><strong>Size:<\/strong> 2500x600x300 <strong>Lifting capacity: <\/strong>1000-3000kg <strong>Lifting height:<\/strong> 1200 mm <strong>Diameter:<\/strong> 70mm <strong>Roller length:<\/strong> 600mm <strong>Distance between centers:<\/strong> 165 mm <strong>Automotive level fixing<\/strong> The desks are used to lifto or lower the production to the needed level. Work power enlarges, hard physical work declines, the exterior of the product is preserved, when the device is used. Used: furniture, food, building industries (small or large size product transporting)<\/p>\n<hr \/>\n<p><a href=\"https:\/\/pandmeta.lt\/wp-content\/uploads\/2013\/03\/img_1206.jpg\"><img loading=\"lazy\" decoding=\"async\" class=\"alignleft size-full wp-image-300\" src=\"https:\/\/pandmeta.lt\/wp-content\/uploads\/2013\/03\/img_1206.jpg\" alt=\"img_1206\" width=\"300\" height=\"225\" \/><\/a><strong>hidraulic lifting tables with driven transporter <\/strong><\/p>\n<p><strong>Size:<\/strong> 2500x1180x300 mm. <strong>Lifting procseeding:<\/strong> 1200 mm. <strong>Lifting capacity:<\/strong> 2000 kg. <strong>Diameter:<\/strong> 89 mm. <strong>Length of the roller:<\/strong> 1000 kg.<\/p>\n<hr \/>\n<p><a href=\"https:\/\/pandmeta.lt\/wp-content\/uploads\/2013\/03\/img_2012.jpg\"><img loading=\"lazy\" decoding=\"async\" class=\"alignleft size-full wp-image-299\" src=\"https:\/\/pandmeta.lt\/wp-content\/uploads\/2013\/03\/img_2012.jpg\" alt=\"img_2012\" width=\"300\" height=\"225\" \/><\/a>Type cart with turning platform and hydroficated running gear<\/p>\n<p><strong>Size: <\/strong>2200 x 2200 x 450 mm <strong>Lifting capicity:<\/strong> 3000 kg <strong>Lifting height: <\/strong>950 mm <strong>Speed:<\/strong> 6 m\/min.<\/p>\n<hr \/>\n<p><a href=\"https:\/\/pandmeta.lt\/wp-content\/uploads\/2013\/03\/zirklinis-paprastas-4-sumaz-foto.jpg\"><img loading=\"lazy\" decoding=\"async\" class=\"alignleft size-medium wp-image-284\" src=\"https:\/\/pandmeta.lt\/wp-content\/uploads\/2013\/03\/zirklinis-paprastas-4-sumaz-foto-300x224.jpg\" alt=\"zirklinis paprastas 4 sumaz foto\" width=\"300\" height=\"224\" srcset=\"https:\/\/www.pandmeta.lt\/wp-content\/uploads\/2013\/03\/zirklinis-paprastas-4-sumaz-foto-300x224.jpg 300w, https:\/\/www.pandmeta.lt\/wp-content\/uploads\/2013\/03\/zirklinis-paprastas-4-sumaz-foto-400x300.jpg 400w, https:\/\/www.pandmeta.lt\/wp-content\/uploads\/2013\/03\/zirklinis-paprastas-4-sumaz-foto.jpg 448w\" sizes=\"auto, (max-width: 300px) 100vw, 300px\" \/><\/a> hidraulic lifting tables with turning tables<\/p>\n<p><strong>Lifting capacity:<\/strong>\u00a01000 kg<\/p>\n<p><strong>Size:<\/strong>\u00a01300 x 900 mm<\/p>\n<p><strong>Lifting height:<\/strong>\u00a0300&#8230;1200 mm<\/p>\n<p><strong>Hydrostation gear power:<\/strong>\u00a01,5 kW<\/p>\n<p><strong>Package fixing<\/strong> <strong>Safe work protection<\/strong><\/p>\n<hr \/>\n<p><img loading=\"lazy\" decoding=\"async\" class=\"alignleft wp-image-297 size-full\" src=\"https:\/\/pandmeta.lt\/wp-content\/uploads\/2013\/03\/img_3432.jpg\" alt=\"img_3432\" width=\"300\" height=\"225\" \/>Hidraulic lifting table with roller transporter<\/p>\n<p><strong>Lifting capacity: <\/strong>2000 kg<\/p>\n<p><strong>Size:<\/strong> 4200 x 800 mm<\/p>\n<p><strong>Diameter: <\/strong>89 mm.<\/p>\n<p><strong>Lifting height: <\/strong>300&#8230;1340 mm<\/p>\n<p><strong>Gear power:<\/strong> 0,75 kW<\/p>\n<p><strong>Hydrostation gear power:<\/strong> 2,20 kW<\/p>\n<p><strong>Automotive level fixing<\/strong> <strong>Safe work protection.S<\/strong><\/p>\n<p>&nbsp;<\/p>\n<p><img loading=\"lazy\" decoding=\"async\" class=\"alignleft size-medium wp-image-1639\" src=\"http:\/\/pandmeta.lt\/wp-content\/uploads\/2022\/12\/IMG_5814-1-300x225.jpg\" alt=\"\" width=\"300\" height=\"225\" srcset=\"https:\/\/www.pandmeta.lt\/wp-content\/uploads\/2022\/12\/IMG_5814-1-300x225.jpg 300w, https:\/\/www.pandmeta.lt\/wp-content\/uploads\/2022\/12\/IMG_5814-1-1024x768.jpg 1024w, https:\/\/www.pandmeta.lt\/wp-content\/uploads\/2022\/12\/IMG_5814-1-768x576.jpg 768w, https:\/\/www.pandmeta.lt\/wp-content\/uploads\/2022\/12\/IMG_5814-1-1536x1152.jpg 1536w, https:\/\/www.pandmeta.lt\/wp-content\/uploads\/2022\/12\/IMG_5814-1-2048x1536.jpg 2048w, https:\/\/www.pandmeta.lt\/wp-content\/uploads\/2022\/12\/IMG_5814-1-400x300.jpg 400w\" sizes=\"auto, (max-width: 300px) 100vw, 300px\" \/><strong>Hydraulic lifting table with flat top<\/strong><\/p>\n<p><strong>Lifting capacity:<\/strong> 3.5 t.<\/p>\n<p><strong>Work table:<\/strong> 3 x 1.3 m.<\/p>\n<p>&nbsp;<\/p>\n<p>&nbsp;<\/p>\n<p>&nbsp;<\/p>\n<p>&nbsp;<\/p>\n<p>&nbsp;<\/p>\n<p>&nbsp;<\/p>\n<p><a href=\"http:\/\/pandmeta.lt\/wp-content\/uploads\/2022\/12\/258953177.jpg\"><img loading=\"lazy\" decoding=\"async\" class=\"alignleft size-medium wp-image-1641\" src=\"http:\/\/pandmeta.lt\/wp-content\/uploads\/2022\/12\/258953177-300x205.jpg\" alt=\"\" width=\"300\" height=\"205\" srcset=\"https:\/\/www.pandmeta.lt\/wp-content\/uploads\/2022\/12\/258953177-300x205.jpg 300w, https:\/\/www.pandmeta.lt\/wp-content\/uploads\/2022\/12\/258953177-1024x700.jpg 1024w, https:\/\/www.pandmeta.lt\/wp-content\/uploads\/2022\/12\/258953177-768x525.jpg 768w, https:\/\/www.pandmeta.lt\/wp-content\/uploads\/2022\/12\/258953177-439x300.jpg 439w, https:\/\/www.pandmeta.lt\/wp-content\/uploads\/2022\/12\/258953177.jpg 1525w\" sizes=\"auto, (max-width: 300px) 100vw, 300px\" \/><\/a><\/p>\n<p><strong>Hydraulic lifting table with modular belt conveyor<\/strong><\/p>\n<p><strong>Lifting capacity:<\/strong> 1000 kg.<\/p>\n<p><strong>Work table:<\/strong> 1,1 x 1,5 m.<\/p>\n<p>&nbsp;<\/p>\n<p>&nbsp;<\/p>\n<p>&nbsp;<\/p>\n<p>&nbsp;<\/p>\n<p>&nbsp;<\/p>\n<p><a href=\"http:\/\/pandmeta.lt\/wp-content\/uploads\/2022\/12\/20201029_151308-scaled.jpg\"><img loading=\"lazy\" decoding=\"async\" class=\"alignleft wp-image-1643\" src=\"http:\/\/pandmeta.lt\/wp-content\/uploads\/2022\/12\/20201029_151308-135x300.jpg\" alt=\"\" width=\"173\" height=\"369\" \/><\/a><\/p>\n<p><strong>Hydraulic lifting table with triple scissors and flat top.<\/strong><\/p>\n<p><strong>Lifting capacity:<\/strong> 2 t.<\/p>\n<p><strong>Work table:<\/strong> 3,2 x 1,5 m.<\/p>\n<p><strong>Lifting travel<\/strong> up to 4 m.<\/p>\n<p>&nbsp;<\/p>\n<p>&nbsp;<\/p>\n<p>&nbsp;<\/p>\n<p>&nbsp;<\/p>\n<p>&nbsp;<\/p>\n<p>&nbsp;<\/p>\n<p>&nbsp;<\/p>\n<p>&nbsp;<\/p>\n<p>&nbsp;<\/p>\n<p>&nbsp;<\/p>\n<p><iframe loading=\"lazy\" title=\"Zirklinis keltuvas\" width=\"584\" height=\"329\" src=\"https:\/\/www.youtube.com\/embed\/3A0cbGaX1n0?feature=oembed&amp;wmode=opaque\" frameborder=\"0\" allow=\"accelerometer; autoplay; clipboard-write; encrypted-media; gyroscope; picture-in-picture; web-share\" referrerpolicy=\"strict-origin-when-cross-origin\" allowfullscreen><\/iframe><\/p>\n<p>&nbsp;<\/p>\n<p>&nbsp;<\/p>\n<p>&nbsp;<\/p>\n<p><iframe loading=\"lazy\" title=\"Hidraulinis pakeliamas, judamas stalas 3t\" width=\"584\" height=\"438\" src=\"https:\/\/www.youtube.com\/embed\/ruLrYUOCZGw?feature=oembed&amp;wmode=opaque\" frameborder=\"0\" allow=\"accelerometer; autoplay; clipboard-write; encrypted-media; gyroscope; picture-in-picture; web-share\" referrerpolicy=\"strict-origin-when-cross-origin\" allowfullscreen><\/iframe><\/p>\n<p>&nbsp;<\/p>\n<p>&nbsp;<\/p>\n<p>&nbsp;<\/p>\n<p><iframe loading=\"lazy\" title=\"Hidraulinis pakeliamas stalas su besisukiojancia platforma\" width=\"584\" height=\"438\" src=\"https:\/\/www.youtube.com\/embed\/9TX-SCqeEho?feature=oembed&amp;wmode=opaque\" frameborder=\"0\" allow=\"accelerometer; autoplay; clipboard-write; encrypted-media; gyroscope; picture-in-picture; web-share\" referrerpolicy=\"strict-origin-when-cross-origin\" allowfullscreen><\/iframe><\/p>\n<p>&nbsp;<\/p>\n<p>&nbsp;<\/p>\n<p>&nbsp;<\/p>\n<p>&nbsp;<\/p>\n<p>&nbsp;<\/p>\n<p style=\"text-align: left;\"><a href=\"https:\/\/pandmeta.lt\/wp-content\/uploads\/2013\/03\/zirklinis-paprastas-1-sumazinta-foto.jpg\"><img loading=\"lazy\" decoding=\"async\" class=\"alignleft wp-image-287 size-medium\" src=\"https:\/\/pandmeta.lt\/wp-content\/uploads\/2013\/03\/zirklinis-paprastas-1-sumazinta-foto-300x224.jpg\" alt=\"zirklinis paprastas 1 sumazinta foto\" width=\"300\" height=\"224\" srcset=\"https:\/\/www.pandmeta.lt\/wp-content\/uploads\/2013\/03\/zirklinis-paprastas-1-sumazinta-foto-300x224.jpg 300w, https:\/\/www.pandmeta.lt\/wp-content\/uploads\/2013\/03\/zirklinis-paprastas-1-sumazinta-foto-400x300.jpg 400w, https:\/\/www.pandmeta.lt\/wp-content\/uploads\/2013\/03\/zirklinis-paprastas-1-sumazinta-foto.jpg 448w\" sizes=\"auto, (max-width: 300px) 100vw, 300px\" \/><\/a> <a href=\"https:\/\/pandmeta.lt\/wp-content\/uploads\/2013\/03\/zirklinis-paprastas-2-sumazinta-foto.jpg\"><img loading=\"lazy\" decoding=\"async\" class=\"alignleft size-medium wp-image-286\" src=\"https:\/\/pandmeta.lt\/wp-content\/uploads\/2013\/03\/zirklinis-paprastas-2-sumazinta-foto-300x224.jpg\" alt=\"zirklinis paprastas 2 sumazinta foto\" width=\"300\" height=\"224\" srcset=\"https:\/\/www.pandmeta.lt\/wp-content\/uploads\/2013\/03\/zirklinis-paprastas-2-sumazinta-foto-300x224.jpg 300w, https:\/\/www.pandmeta.lt\/wp-content\/uploads\/2013\/03\/zirklinis-paprastas-2-sumazinta-foto-400x300.jpg 400w, https:\/\/www.pandmeta.lt\/wp-content\/uploads\/2013\/03\/zirklinis-paprastas-2-sumazinta-foto.jpg 448w\" sizes=\"auto, (max-width: 300px) 100vw, 300px\" \/><\/a> <a href=\"https:\/\/pandmeta.lt\/wp-content\/uploads\/2013\/03\/zirklinis-paprastas-3-sumaz-foto.jpg\"><img loading=\"lazy\" decoding=\"async\" class=\"alignleft size-medium wp-image-285\" src=\"https:\/\/pandmeta.lt\/wp-content\/uploads\/2013\/03\/zirklinis-paprastas-3-sumaz-foto-300x224.jpg\" alt=\"zirklinis paprastas 3 sumaz foto\" width=\"300\" height=\"224\" srcset=\"https:\/\/www.pandmeta.lt\/wp-content\/uploads\/2013\/03\/zirklinis-paprastas-3-sumaz-foto-300x224.jpg 300w, https:\/\/www.pandmeta.lt\/wp-content\/uploads\/2013\/03\/zirklinis-paprastas-3-sumaz-foto-400x300.jpg 400w, https:\/\/www.pandmeta.lt\/wp-content\/uploads\/2013\/03\/zirklinis-paprastas-3-sumaz-foto.jpg 448w\" sizes=\"auto, (max-width: 300px) 100vw, 300px\" \/><\/a> <a href=\"https:\/\/pandmeta.lt\/wp-content\/uploads\/2013\/03\/zirklinis-paprastas-4-sumaz-foto.jpg\"><img loading=\"lazy\" decoding=\"async\" class=\"alignleft size-medium wp-image-284\" src=\"https:\/\/pandmeta.lt\/wp-content\/uploads\/2013\/03\/zirklinis-paprastas-4-sumaz-foto-300x224.jpg\" alt=\"zirklinis paprastas 4 sumaz foto\" width=\"300\" height=\"224\" srcset=\"https:\/\/www.pandmeta.lt\/wp-content\/uploads\/2013\/03\/zirklinis-paprastas-4-sumaz-foto-300x224.jpg 300w, https:\/\/www.pandmeta.lt\/wp-content\/uploads\/2013\/03\/zirklinis-paprastas-4-sumaz-foto-400x300.jpg 400w, https:\/\/www.pandmeta.lt\/wp-content\/uploads\/2013\/03\/zirklinis-paprastas-4-sumaz-foto.jpg 448w\" sizes=\"auto, (max-width: 300px) 100vw, 300px\" \/><\/a> <a href=\"https:\/\/pandmeta.lt\/wp-content\/uploads\/2013\/03\/zirklinis-paprastas-5-sumaz-foto.jpg\"><img loading=\"lazy\" decoding=\"async\" class=\"alignleft size-medium wp-image-283\" src=\"https:\/\/pandmeta.lt\/wp-content\/uploads\/2013\/03\/zirklinis-paprastas-5-sumaz-foto-300x224.jpg\" alt=\"zirklinis paprastas 5 sumaz foto\" width=\"300\" height=\"224\" srcset=\"https:\/\/www.pandmeta.lt\/wp-content\/uploads\/2013\/03\/zirklinis-paprastas-5-sumaz-foto-300x224.jpg 300w, https:\/\/www.pandmeta.lt\/wp-content\/uploads\/2013\/03\/zirklinis-paprastas-5-sumaz-foto-400x300.jpg 400w, https:\/\/www.pandmeta.lt\/wp-content\/uploads\/2013\/03\/zirklinis-paprastas-5-sumaz-foto.jpg 448w\" sizes=\"auto, (max-width: 300px) 100vw, 300px\" \/><\/a> <a href=\"https:\/\/pandmeta.lt\/wp-content\/uploads\/2013\/03\/zirklinis-paprastas-6-sumaz-foto.jpg\"><img loading=\"lazy\" decoding=\"async\" class=\"alignleft size-medium wp-image-282\" src=\"https:\/\/pandmeta.lt\/wp-content\/uploads\/2013\/03\/zirklinis-paprastas-6-sumaz-foto-300x224.jpg\" alt=\"zirklinis paprastas 6 sumaz foto\" width=\"300\" height=\"224\" srcset=\"https:\/\/www.pandmeta.lt\/wp-content\/uploads\/2013\/03\/zirklinis-paprastas-6-sumaz-foto-300x224.jpg 300w, https:\/\/www.pandmeta.lt\/wp-content\/uploads\/2013\/03\/zirklinis-paprastas-6-sumaz-foto-400x300.jpg 400w, https:\/\/www.pandmeta.lt\/wp-content\/uploads\/2013\/03\/zirklinis-paprastas-6-sumaz-foto.jpg 448w\" sizes=\"auto, (max-width: 300px) 100vw, 300px\" \/><\/a> <a href=\"https:\/\/pandmeta.lt\/wp-content\/uploads\/2013\/03\/zirklinis-paprastas-7-sumaz-foto.jpg\"><img loading=\"lazy\" decoding=\"async\" class=\"alignleft size-medium wp-image-281\" src=\"https:\/\/pandmeta.lt\/wp-content\/uploads\/2013\/03\/zirklinis-paprastas-7-sumaz-foto-300x224.jpg\" alt=\"zirklinis paprastas 7 sumaz foto\" width=\"300\" height=\"224\" srcset=\"https:\/\/www.pandmeta.lt\/wp-content\/uploads\/2013\/03\/zirklinis-paprastas-7-sumaz-foto-300x224.jpg 300w, https:\/\/www.pandmeta.lt\/wp-content\/uploads\/2013\/03\/zirklinis-paprastas-7-sumaz-foto-400x300.jpg 400w, https:\/\/www.pandmeta.lt\/wp-content\/uploads\/2013\/03\/zirklinis-paprastas-7-sumaz-foto.jpg 448w\" sizes=\"auto, (max-width: 300px) 100vw, 300px\" \/><\/a> <a href=\"https:\/\/pandmeta.lt\/wp-content\/uploads\/2013\/03\/zirklinis-paprastas-8-sumaz-foto.jpg\"><img loading=\"lazy\" decoding=\"async\" class=\"alignleft size-medium wp-image-280\" src=\"https:\/\/pandmeta.lt\/wp-content\/uploads\/2013\/03\/zirklinis-paprastas-8-sumaz-foto-300x224.jpg\" alt=\"zirklinis paprastas 8 sumaz foto\" width=\"300\" height=\"224\" srcset=\"https:\/\/www.pandmeta.lt\/wp-content\/uploads\/2013\/03\/zirklinis-paprastas-8-sumaz-foto-300x224.jpg 300w, https:\/\/www.pandmeta.lt\/wp-content\/uploads\/2013\/03\/zirklinis-paprastas-8-sumaz-foto-400x300.jpg 400w, https:\/\/www.pandmeta.lt\/wp-content\/uploads\/2013\/03\/zirklinis-paprastas-8-sumaz-foto.jpg 448w\" sizes=\"auto, (max-width: 300px) 100vw, 300px\" \/><\/a> <a href=\"https:\/\/pandmeta.lt\/wp-content\/uploads\/2013\/03\/zirklinis-paprastas-9-sumaz-foto.jpg\"><img loading=\"lazy\" decoding=\"async\" class=\"alignleft size-medium wp-image-279\" src=\"https:\/\/pandmeta.lt\/wp-content\/uploads\/2013\/03\/zirklinis-paprastas-9-sumaz-foto-300x224.jpg\" alt=\"zirklinis paprastas 9 sumaz foto\" width=\"300\" height=\"224\" srcset=\"https:\/\/www.pandmeta.lt\/wp-content\/uploads\/2013\/03\/zirklinis-paprastas-9-sumaz-foto-300x224.jpg 300w, https:\/\/www.pandmeta.lt\/wp-content\/uploads\/2013\/03\/zirklinis-paprastas-9-sumaz-foto-400x300.jpg 400w, https:\/\/www.pandmeta.lt\/wp-content\/uploads\/2013\/03\/zirklinis-paprastas-9-sumaz-foto.jpg 448w\" sizes=\"auto, (max-width: 300px) 100vw, 300px\" \/><\/a> <a href=\"https:\/\/pandmeta.lt\/wp-content\/uploads\/2013\/03\/zirklinis-paprastas-10-sumaz-foto.jpg\"><img loading=\"lazy\" decoding=\"async\" class=\"alignleft size-medium wp-image-278\" src=\"https:\/\/pandmeta.lt\/wp-content\/uploads\/2013\/03\/zirklinis-paprastas-10-sumaz-foto-300x224.jpg\" alt=\"zirklinis paprastas 10 sumaz foto\" width=\"300\" height=\"224\" srcset=\"https:\/\/www.pandmeta.lt\/wp-content\/uploads\/2013\/03\/zirklinis-paprastas-10-sumaz-foto-300x224.jpg 300w, https:\/\/www.pandmeta.lt\/wp-content\/uploads\/2013\/03\/zirklinis-paprastas-10-sumaz-foto-400x300.jpg 400w, https:\/\/www.pandmeta.lt\/wp-content\/uploads\/2013\/03\/zirklinis-paprastas-10-sumaz-foto.jpg 448w\" sizes=\"auto, (max-width: 300px) 100vw, 300px\" \/><\/a><\/p>\n<p style=\"text-align: left;\"><a href=\"https:\/\/pandmeta.lt\/wp-content\/uploads\/2013\/03\/IMG-6350.jpg\"><img loading=\"lazy\" decoding=\"async\" class=\"alignleft wp-image-1097\" src=\"https:\/\/pandmeta.lt\/wp-content\/uploads\/2013\/03\/IMG-4230-300x199.jpg\" alt=\"IMG_4230\" width=\"300\" height=\"200\" srcset=\"https:\/\/www.pandmeta.lt\/wp-content\/uploads\/2013\/03\/IMG-4230-300x199.jpg 300w, https:\/\/www.pandmeta.lt\/wp-content\/uploads\/2013\/03\/IMG-4230-1024x682.jpg 1024w, https:\/\/www.pandmeta.lt\/wp-content\/uploads\/2013\/03\/IMG-4230-450x300.jpg 450w\" sizes=\"auto, (max-width: 300px) 100vw, 300px\" \/><\/a><\/p>\n<p style=\"text-align: left;\"><a href=\"https:\/\/pandmeta.lt\/wp-content\/uploads\/2013\/03\/IMG-6350.jpg\"><img loading=\"lazy\" decoding=\"async\" class=\"alignleft wp-image-1124\" src=\"https:\/\/pandmeta.lt\/wp-content\/uploads\/2013\/03\/IMG-1894L-300x225.jpg\" alt=\"\u017dirklinis keltuvas\" width=\"300\" height=\"225\" srcset=\"https:\/\/www.pandmeta.lt\/wp-content\/uploads\/2013\/03\/IMG-1894L-300x225.jpg 300w, https:\/\/www.pandmeta.lt\/wp-content\/uploads\/2013\/03\/IMG-1894L-1024x768.jpg 1024w, https:\/\/www.pandmeta.lt\/wp-content\/uploads\/2013\/03\/IMG-1894L-400x300.jpg 400w\" sizes=\"auto, (max-width: 300px) 100vw, 300px\" \/><\/a><\/p>\n<p>&nbsp;<\/p>\n<p>&nbsp;<\/p>\n<p>&nbsp;<\/p>\n<p>&nbsp;<\/p>\n<p>&nbsp;<\/p>\n<p>&nbsp;<\/p>\n<p>&nbsp;<\/p>\n<p>&nbsp;<\/p>\n<p>&nbsp;<\/p>\n<p>&nbsp;<\/p>\n<p>&nbsp;<\/p>\n<p>&nbsp;<\/p>\n<p>&nbsp;<\/p>\n<p>&nbsp;<\/p>\n<p>&nbsp;<\/p>\n<p>&nbsp;<\/p>\n<p>&nbsp;<\/p>\n<p>&nbsp;<\/p>\n<p>&nbsp;<\/p>\n<p>&nbsp;<\/p>\n<p style=\"text-align: left;\"><a href=\"https:\/\/pandmeta.lt\/wp-content\/uploads\/2013\/03\/IMG_1918.jpg\" rel=\"attachment wp-att-1385\"><img loading=\"lazy\" decoding=\"async\" class=\"alignnone size-medium wp-image-1385\" src=\"https:\/\/pandmeta.lt\/wp-content\/uploads\/2013\/03\/IMG_1918-300x225.jpg\" alt=\"\u017dirklinis keltuv\" width=\"300\" height=\"225\" srcset=\"https:\/\/www.pandmeta.lt\/wp-content\/uploads\/2013\/03\/IMG_1918-300x225.jpg 300w, https:\/\/www.pandmeta.lt\/wp-content\/uploads\/2013\/03\/IMG_1918-768x576.jpg 768w, https:\/\/www.pandmeta.lt\/wp-content\/uploads\/2013\/03\/IMG_1918.jpg 1024w, https:\/\/www.pandmeta.lt\/wp-content\/uploads\/2013\/03\/IMG_1918-400x300.jpg 400w\" sizes=\"auto, (max-width: 300px) 100vw, 300px\" \/><\/a>\u00a0 \u00a0<a href=\"https:\/\/pandmeta.lt\/wp-content\/uploads\/2013\/03\/IMG_1852.jpg\" rel=\"attachment wp-att-1384\"><img loading=\"lazy\" decoding=\"async\" class=\"alignnone size-medium wp-image-1384\" src=\"https:\/\/pandmeta.lt\/wp-content\/uploads\/2013\/03\/IMG_1852-300x225.jpg\" alt=\"\u017dirklinis keltuvas\" width=\"300\" height=\"225\" srcset=\"https:\/\/www.pandmeta.lt\/wp-content\/uploads\/2013\/03\/IMG_1852-300x225.jpg 300w, https:\/\/www.pandmeta.lt\/wp-content\/uploads\/2013\/03\/IMG_1852-768x576.jpg 768w, https:\/\/www.pandmeta.lt\/wp-content\/uploads\/2013\/03\/IMG_1852.jpg 1024w, https:\/\/www.pandmeta.lt\/wp-content\/uploads\/2013\/03\/IMG_1852-400x300.jpg 400w\" sizes=\"auto, (max-width: 300px) 100vw, 300px\" \/><\/a><a href=\"https:\/\/pandmeta.lt\/wp-content\/uploads\/2013\/03\/IMG_2627.jpg\" rel=\"attachment wp-att-1398\"><img loading=\"lazy\" decoding=\"async\" class=\"alignnone size-medium wp-image-1398\" src=\"https:\/\/pandmeta.lt\/wp-content\/uploads\/2013\/03\/IMG_2627-300x225.jpg\" alt=\"\u017dirklinis keltuvas plok\u0161\u010diu vir\u0161umi\" width=\"300\" height=\"225\" srcset=\"https:\/\/www.pandmeta.lt\/wp-content\/uploads\/2013\/03\/IMG_2627-300x225.jpg 300w, https:\/\/www.pandmeta.lt\/wp-content\/uploads\/2013\/03\/IMG_2627-768x576.jpg 768w, https:\/\/www.pandmeta.lt\/wp-content\/uploads\/2013\/03\/IMG_2627.jpg 1024w, https:\/\/www.pandmeta.lt\/wp-content\/uploads\/2013\/03\/IMG_2627-400x300.jpg 400w\" sizes=\"auto, (max-width: 300px) 100vw, 300px\" \/>\u00a0 \u00a0<\/a><a href=\"https:\/\/pandmeta.lt\/wp-content\/uploads\/2013\/03\/IMG_3241.jpg\" rel=\"attachment wp-att-1399\"><img loading=\"lazy\" decoding=\"async\" class=\"alignnone size-medium wp-image-1399\" src=\"https:\/\/pandmeta.lt\/wp-content\/uploads\/2013\/03\/IMG_3241-300x225.jpg\" alt=\"\u017dirklinis keltuvas su grandininiu transporteriu\" width=\"300\" height=\"225\" srcset=\"https:\/\/www.pandmeta.lt\/wp-content\/uploads\/2013\/03\/IMG_3241-300x225.jpg 300w, https:\/\/www.pandmeta.lt\/wp-content\/uploads\/2013\/03\/IMG_3241-768x576.jpg 768w, https:\/\/www.pandmeta.lt\/wp-content\/uploads\/2013\/03\/IMG_3241.jpg 1024w, https:\/\/www.pandmeta.lt\/wp-content\/uploads\/2013\/03\/IMG_3241-400x300.jpg 400w\" sizes=\"auto, (max-width: 300px) 100vw, 300px\" \/><\/a><\/p>\n<hr \/>\n<p style=\"text-align: left;\"><a href=\"https:\/\/pandmeta.lt\/wp-content\/uploads\/2013\/03\/irklinis-keltuvas.jpg\" rel=\"attachment wp-att-1490\"><img loading=\"lazy\" decoding=\"async\" class=\"alignnone size-medium wp-image-1490\" src=\"https:\/\/pandmeta.lt\/wp-content\/uploads\/2013\/03\/irklinis-keltuvas-300x225.jpg\" alt=\"\u017dirklinis keltuvas\" width=\"300\" height=\"225\" srcset=\"https:\/\/www.pandmeta.lt\/wp-content\/uploads\/2013\/03\/irklinis-keltuvas-300x225.jpg 300w, https:\/\/www.pandmeta.lt\/wp-content\/uploads\/2013\/03\/irklinis-keltuvas-768x576.jpg 768w, https:\/\/www.pandmeta.lt\/wp-content\/uploads\/2013\/03\/irklinis-keltuvas.jpg 1024w, https:\/\/www.pandmeta.lt\/wp-content\/uploads\/2013\/03\/irklinis-keltuvas-400x300.jpg 400w\" sizes=\"auto, (max-width: 300px) 100vw, 300px\" \/><\/a><\/p>\n<p><\/p>","protected":false},"excerpt":{"rendered":"<p>Sorry, this entry is only available in Lietuvi\u0173.<\/p>\n","protected":false},"author":1,"featured_media":690,"parent":6,"menu_order":0,"comment_status":"open","ping_status":"open","template":"","meta":{"footnotes":""},"class_list":["post-38","page","type-page","status-publish","has-post-thumbnail","hentry"],"_links":{"self":[{"href":"https:\/\/www.pandmeta.lt\/en\/wp-json\/wp\/v2\/pages\/38","targetHints":{"allow":["GET"]}}],"collection":[{"href":"https:\/\/www.pandmeta.lt\/en\/wp-json\/wp\/v2\/pages"}],"about":[{"href":"https:\/\/www.pandmeta.lt\/en\/wp-json\/wp\/v2\/types\/page"}],"author":[{"embeddable":true,"href":"https:\/\/www.pandmeta.lt\/en\/wp-json\/wp\/v2\/users\/1"}],"replies":[{"embeddable":true,"href":"https:\/\/www.pandmeta.lt\/en\/wp-json\/wp\/v2\/comments?post=38"}],"version-history":[{"count":256,"href":"https:\/\/www.pandmeta.lt\/en\/wp-json\/wp\/v2\/pages\/38\/revisions"}],"predecessor-version":[{"id":1736,"href":"https:\/\/www.pandmeta.lt\/en\/wp-json\/wp\/v2\/pages\/38\/revisions\/1736"}],"up":[{"embeddable":true,"href":"https:\/\/www.pandmeta.lt\/en\/wp-json\/wp\/v2\/pages\/6"}],"wp:featuredmedia":[{"embeddable":true,"href":"https:\/\/www.pandmeta.lt\/en\/wp-json\/wp\/v2\/media\/690"}],"wp:attachment":[{"href":"https:\/\/www.pandmeta.lt\/en\/wp-json\/wp\/v2\/media?parent=38"}],"curies":[{"name":"wp","href":"https:\/\/api.w.org\/{rel}","templated":true}]}}