{"id":39,"date":"2013-03-18T23:24:05","date_gmt":"2013-03-18T23:24:05","guid":{"rendered":"https:\/\/pandmeta.lt\/?page_id=39"},"modified":"2023-01-05T13:03:50","modified_gmt":"2023-01-05T13:03:50","slug":"pasukami-traversiniai-vezimeliai","status":"publish","type":"page","link":"https:\/\/www.pandmeta.lt\/en\/produktai\/pasukami-traversiniai-vezimeliai\/","title":{"rendered":"Swivel traverse trolleys"},"content":{"rendered":"<p><a href=\"https:\/\/pandmeta.lt\/wp-content\/uploads\/2013\/03\/360_d.jpg\"><img loading=\"lazy\" decoding=\"async\" class=\"alignleft size-full wp-image-321\" src=\"https:\/\/pandmeta.lt\/wp-content\/uploads\/2013\/03\/360_d.jpg\" alt=\"360_d\" width=\"300\" height=\"225\" \/><\/a>Size: 2200x1750x300mm. Ultimate load: 2000 kg. Diameter: 70 mm Rollers are easy and fast to change, made of steel, both side ends are protected from dust. Used: to transport product from one work line to another, changes moving angle in 360\u02da.No need to reload. Work power enlarges, hard physical work declines, the exterior of the product is preserved, when the device is used. Used: furniture, food, building industries ( small or large size product transporting)<\/p>\n<hr \/>\n<p><a href=\"https:\/\/pandmeta.lt\/wp-content\/uploads\/2013\/03\/IMG_0038.jpg\"><img loading=\"lazy\" decoding=\"async\" class=\"alignleft size-full wp-image-322\" src=\"https:\/\/pandmeta.lt\/wp-content\/uploads\/2013\/03\/IMG_0038.jpg\" alt=\"IMG_0038\" width=\"300\" height=\"225\" \/><\/a>Size: 2500x2500x270 mm Ultimate load: 3000 kg.<\/p>\n<hr \/>\n<p><a href=\"https:\/\/pandmeta.lt\/wp-content\/uploads\/2013\/03\/Img_0612.jpg\"><img loading=\"lazy\" decoding=\"async\" class=\"alignleft size-full wp-image-323\" src=\"https:\/\/pandmeta.lt\/wp-content\/uploads\/2013\/03\/Img_0612.jpg\" alt=\"Img_0612\" width=\"300\" height=\"225\" \/><\/a> Size: 2500x2600x300 mm. Ultimate load: 2000 kg. Hydraulic lifting of horizontal rollers<\/p>\n<hr \/>\n<p><a href=\"https:\/\/pandmeta.lt\/wp-content\/uploads\/2013\/03\/pasuk_vezim_d.jpg\"><img loading=\"lazy\" decoding=\"async\" class=\"alignleft size-full wp-image-326\" src=\"https:\/\/pandmeta.lt\/wp-content\/uploads\/2013\/03\/pasuk_vezim_d.jpg\" alt=\"pasuk_vezim_d\" width=\"300\" height=\"200\" \/><\/a>Size: 2500x1200x300mm. Ultimate load: 2000 kg. Diameter: 70 mm. Roller length: 600 mm. Distance between the centres: 165 mm<\/p>\n<hr \/>\n<p><a href=\"https:\/\/pandmeta.lt\/wp-content\/uploads\/2013\/03\/img_3320.jpg\"><img loading=\"lazy\" decoding=\"async\" class=\"alignleft size-full wp-image-325\" src=\"https:\/\/pandmeta.lt\/wp-content\/uploads\/2013\/03\/img_3320.jpg\" alt=\"img_3320\" width=\"300\" height=\"225\" \/><\/a>Size: 4200x2560x300mm. Ultimate load: 2000 kg<\/p>\n<hr \/>\n<p><a href=\"https:\/\/pandmeta.lt\/wp-content\/uploads\/2013\/03\/img_2630.jpg\"><img loading=\"lazy\" decoding=\"async\" class=\"alignleft size-full wp-image-324\" src=\"https:\/\/pandmeta.lt\/wp-content\/uploads\/2013\/03\/img_2630.jpg\" alt=\"img_2630\" width=\"300\" height=\"225\" \/><\/a>Size: 2200 x 2160 x 260 mm Ultimate load: 2000 kg. Gears: 0,55 kW Speed: 0&#8230;15 m\/min Double transverse turning cart with gears . The wheals are propellered by electricity gears.<\/p>\n<hr \/>\n<p><a href=\"https:\/\/pandmeta.lt\/wp-content\/uploads\/2013\/03\/Pasukamas-traversinis-vezimelis.jpg\"><img loading=\"lazy\" decoding=\"async\" class=\"alignleft wp-image-830 size-medium\" src=\"https:\/\/pandmeta.lt\/wp-content\/uploads\/2013\/03\/Pasukamas-traversinis-vezimelis-300x225.jpg\" alt=\"Pasukamas traversinis vezimelis\" width=\"300\" height=\"225\" srcset=\"https:\/\/www.pandmeta.lt\/wp-content\/uploads\/2013\/03\/Pasukamas-traversinis-vezimelis-300x225.jpg 300w, https:\/\/www.pandmeta.lt\/wp-content\/uploads\/2013\/03\/Pasukamas-traversinis-vezimelis-1024x768.jpg 1024w, https:\/\/www.pandmeta.lt\/wp-content\/uploads\/2013\/03\/Pasukamas-traversinis-vezimelis-400x300.jpg 400w\" sizes=\"auto, (max-width: 300px) 100vw, 300px\" \/><\/a> Traversinis pasukamas ve\u017eim\u0117lis skirtas perve\u017eti ir perorientuoti (pasukti) krovin\u012f. Traversinis ve\u017eim\u0117lis juda b\u0117giais.<\/p>\n<p><strong>Gabaritiniai matmenys:<\/strong> 1,4 x 1,3 x 0,3 m.<\/p>\n<p><strong>Maksimalus apkrovimas:<\/strong> 1000 kg.<\/p>\n<p><strong>Pasukamos\u00a0platformos fiksacija:<\/strong> kas 90\u00ba.<\/p>\n<p>&nbsp;<\/p>\n<p>&nbsp;<\/p>\n<p>&nbsp;<\/p>\n<p>&nbsp;<\/p>\n<p>&nbsp;<\/p>\n<p>&nbsp;<\/p>\n<p><a href=\"https:\/\/pandmeta.lt\/wp-content\/uploads\/2013\/03\/IMG-0609.jpg\"><img loading=\"lazy\" decoding=\"async\" class=\"alignnone size-medium wp-image-1169\" src=\"https:\/\/pandmeta.lt\/wp-content\/uploads\/2013\/03\/IMG-0609-300x225.jpg\" alt=\"Traversinis ve\u017eim\u0117lis\" width=\"300\" height=\"225\" srcset=\"https:\/\/www.pandmeta.lt\/wp-content\/uploads\/2013\/03\/IMG-0609-300x225.jpg 300w, https:\/\/www.pandmeta.lt\/wp-content\/uploads\/2013\/03\/IMG-0609-1024x768.jpg 1024w, https:\/\/www.pandmeta.lt\/wp-content\/uploads\/2013\/03\/IMG-0609-400x300.jpg 400w\" sizes=\"auto, (max-width: 300px) 100vw, 300px\" \/><\/a><\/p>","protected":false},"excerpt":{"rendered":"<p>Size: 2200x1750x300mm. Ultimate load: 2000 kg. Diameter: 70 mm Rollers are easy and fast to change, made of steel, both side ends are protected from dust. Used: to transport product from one work line to another, changes moving angle in &hellip; <a href=\"https:\/\/www.pandmeta.lt\/en\/produktai\/pasukami-traversiniai-vezimeliai\/\">Continue reading <span class=\"meta-nav\">&rarr;<\/span><\/a><\/p>\n","protected":false},"author":1,"featured_media":322,"parent":6,"menu_order":2,"comment_status":"open","ping_status":"open","template":"","meta":{"footnotes":""},"class_list":["post-39","page","type-page","status-publish","has-post-thumbnail","hentry"],"_links":{"self":[{"href":"https:\/\/www.pandmeta.lt\/en\/wp-json\/wp\/v2\/pages\/39","targetHints":{"allow":["GET"]}}],"collection":[{"href":"https:\/\/www.pandmeta.lt\/en\/wp-json\/wp\/v2\/pages"}],"about":[{"href":"https:\/\/www.pandmeta.lt\/en\/wp-json\/wp\/v2\/types\/page"}],"author":[{"embeddable":true,"href":"https:\/\/www.pandmeta.lt\/en\/wp-json\/wp\/v2\/users\/1"}],"replies":[{"embeddable":true,"href":"https:\/\/www.pandmeta.lt\/en\/wp-json\/wp\/v2\/comments?post=39"}],"version-history":[{"count":55,"href":"https:\/\/www.pandmeta.lt\/en\/wp-json\/wp\/v2\/pages\/39\/revisions"}],"predecessor-version":[{"id":1682,"href":"https:\/\/www.pandmeta.lt\/en\/wp-json\/wp\/v2\/pages\/39\/revisions\/1682"}],"up":[{"embeddable":true,"href":"https:\/\/www.pandmeta.lt\/en\/wp-json\/wp\/v2\/pages\/6"}],"wp:featuredmedia":[{"embeddable":true,"href":"https:\/\/www.pandmeta.lt\/en\/wp-json\/wp\/v2\/media\/322"}],"wp:attachment":[{"href":"https:\/\/www.pandmeta.lt\/en\/wp-json\/wp\/v2\/media?parent=39"}],"curies":[{"name":"wp","href":"https:\/\/api.w.org\/{rel}","templated":true}]}}