{"id":7,"date":"2013-03-17T21:21:26","date_gmt":"2013-03-17T21:21:26","guid":{"rendered":"https:\/\/pandmeta.lt\/?page_id=7"},"modified":"2024-05-23T08:57:00","modified_gmt":"2024-05-23T08:57:00","slug":"projektai","status":"publish","type":"page","link":"https:\/\/www.pandmeta.lt\/en\/projektai\/","title":{"rendered":"Projects"},"content":{"rendered":"<p><\/p>\n<table class=\"table table-extended\" style=\"width: 100%;\" border=\"0\" cellspacing=\"0\" cellpadding=\"0\">\n<tbody>\n<tr>\n<td style=\"text-align: center;\" width=\"110\"><img loading=\"lazy\" decoding=\"async\" src=\"https:\/\/pandmeta.lt\/data\/image\/visagino_linija_gifsumazinta.gif\" alt=\"\" width=\"100\" height=\"64\" \/><\/td>\n<td>A transportation system has been designed, produced and introduced.<\/td>\n<\/tr>\n<tr>\n<td style=\"text-align: center;\"><img loading=\"lazy\" decoding=\"async\" src=\"https:\/\/pandmeta.lt\/data\/image\/clip_image002_jpgnarbutas%20ir%20ko%20logotipas%20sumazintas.jpg\" alt=\"\" width=\"100\" height=\"29\" \/><\/td>\n<td>A transportation system has been designed, produced and introduced.<\/td>\n<\/tr>\n<tr>\n<td style=\"text-align: center;\"><strong><img loading=\"lazy\" decoding=\"async\" src=\"https:\/\/pandmeta.lt\/data\/image\/logo_gifzov%20foto%20logotipas%20sumazintas.gif\" alt=\"\" width=\"100\" height=\"56\" \/><\/strong><\/td>\n<td>\u00a0Technological transportation systems have been designed, produced and introduced<\/td>\n<\/tr>\n<tr>\n<td style=\"text-align: center;\"><strong><img loading=\"lazy\" decoding=\"async\" src=\"https:\/\/pandmeta.lt\/data\/image\/logo2_gifsoftform%20logotipas%20sumazintas.gif\" alt=\"\" width=\"100\" height=\"88\" \/><\/strong><\/td>\n<td>A technological transportation system has been designed, produced and introduced.<\/td>\n<\/tr>\n<tr>\n<td style=\"text-align: center;\"><img loading=\"lazy\" decoding=\"async\" src=\"https:\/\/pandmeta.lt\/data\/image\/layout_set_logo.gif\" alt=\"\" width=\"126\" height=\"31\" \/><\/td>\n<td>A technological transportation system has been designed, produced and introduced.<\/td>\n<\/tr>\n<tr>\n<td style=\"text-align: center;\"><img loading=\"lazy\" decoding=\"async\" src=\"https:\/\/pandmeta.lt\/data\/image\/swedwood%20logotipas.jpg\" alt=\"\" width=\"130\" height=\"23\" \/><\/td>\n<td>A technological transportation system has been designed, produced and introduced.<\/td>\n<\/tr>\n<tr>\n<td style=\"text-align: center;\"><img loading=\"lazy\" decoding=\"async\" src=\"https:\/\/pandmeta.lt\/data\/image\/vilnius-furniture%20logotipas.png\" alt=\"\" width=\"100\" height=\"46\" \/><\/td>\n<td>A technological transportation system has been designed, produced and introduced.<\/td>\n<\/tr>\n<\/tbody>\n<\/table>\n<p><img loading=\"lazy\" decoding=\"async\" class=\"\" src=\"https:\/\/chamber.lt\/wp-content\/uploads\/crm_logo\/downloaded\/a23afe77-2323-fe4b-8aa7-5e3ad55443b7_223acc.jpg\" alt=\"Mantinga - chamber.lt - Kauno prekybos, pramon\u0117s ir amat\u0173 r\u016bmai\" width=\"97\" height=\"64\" \/>\u00a0 \u00a0 \u00a0 \u00a0 \u00a0 \u00a0 A technological transportation system has been designed, produced and introduced.<\/p>\n<p>&nbsp;<\/p>\n<p><img loading=\"lazy\" decoding=\"async\" class=\"\" src=\"https:\/\/karjerakaune.lt\/wp-content\/uploads\/2021\/02\/Freda_logo-1.png\" alt=\"Freda_logo-1.png\" width=\"99\" height=\"45\" \/>\u00a0 \u00a0 \u00a0 \u00a0 \u00a0 \u00a0 A technological transportation system has been designed, produced and introduced.<\/p>\n<p>&nbsp;<\/p>\n<p><img loading=\"lazy\" decoding=\"async\" class=\"\" src=\"https:\/\/cvbankas-img.dgn.lt\/companylogo_5_796074\/arlanga-wood.jpg\" alt=\"Arlanga \u012fmoni\u0173 grup\u0117 si\u016blo darb\u0105 | CVbankas.lt\" width=\"97\" height=\"97\" \/>\u00a0 \u00a0 \u00a0 \u00a0 \u00a0A technological transportation system has been designed, produced and introduced.<\/p>\n<p>&nbsp;<\/p>\n<p><img loading=\"lazy\" decoding=\"async\" class=\"\" src=\"https:\/\/dhq0pwhcpqnie.cloudfront.net\/company\/medienos-era-uab.png?d=350x220\" alt=\"MEDIENOS ERA, UAB - rekvizitai, informacija, skundai, atsiliepimai | Spec.lt\" width=\"120\" height=\"80\" \/>\u00a0 \u00a0A technological transportation system has been designed, produced and introduced.<\/p>\n<p>&nbsp;<\/p>\n<p><img loading=\"lazy\" decoding=\"async\" class=\"\" src=\"https:\/\/webapi.sba.lt\/wp-content\/uploads\/2021\/07\/Inno-Line.png\" width=\"120\" height=\"32\" \/>\u00a0 \u00a0 A technological transportation system has been designed, produced and introduced.<\/p>\n<p>&nbsp;<\/p>\n<p>&nbsp;<\/p>\n<p><img loading=\"lazy\" decoding=\"async\" class=\"\" src=\"https:\/\/webapi.sba.lt\/wp-content\/uploads\/2021\/06\/Klaip%C4%97dos-baldai.png\" width=\"121\" height=\"26\" \/>\u00a0 \u00a0 \u00a0 \u00a0 A technological transportation system has been designed, produced and introduced.<\/p>\n<p>&nbsp;<\/p>\n<p>&nbsp;<\/p>\n<p><img loading=\"lazy\" decoding=\"async\" class=\"\" src=\"https:\/\/webapi.sba.lt\/wp-content\/uploads\/2020\/12\/%C5%A1ilutes-baldai-cl.png\" width=\"108\" height=\"29\" \/>\u00a0 \u00a0 \u00a0 A technological transportation system has been designed, produced and introduced.<\/p>\n<p>&nbsp;<\/p>\n<p><img loading=\"lazy\" decoding=\"async\" class=\"\" src=\"https:\/\/lankstilinija.lt\/wp-content\/uploads\/2019\/04\/LL-logo-hd.png\" alt=\"Lanksti linija\" width=\"73\" height=\"95\" \/>\u00a0 \u00a0 \u00a0 \u00a0 \u00a0A technological transportation system has been designed, produced and introduced.<\/p>\n<p>&nbsp;<\/p>\n<p><img loading=\"lazy\" decoding=\"async\" class=\"\" src=\"https:\/\/cvbankas-img.dgn.lt\/companylogo_5_20926618\/nordic-idea.jpg\" alt=\"UAB \u201eNordic Idea\u201c si\u016blo darb\u0105 | CVbankas.lt\" width=\"84\" height=\"84\" \/>\u00a0 \u00a0 \u00a0 \u00a0 A technological transportation system has been designed, produced and introduced.<\/p>\n<p>&nbsp;<\/p>\n<p><img loading=\"lazy\" decoding=\"async\" class=\"\" src=\"https:\/\/www.vadovaspdf.lt\/thumbs\/brands\/l\/627-ikea_logo.jpg\" alt=\"Vartotojo vadovas Ikea ANES ( 12 puslapiai)\" width=\"86\" height=\"86\" \/>\u00a0 \u00a0 \u00a0 \u00a0A technological transportation system has been designed, produced and introduced.<\/p>\n<p>&nbsp;<\/p>\n<p><img loading=\"lazy\" decoding=\"async\" class=\"\" src=\"https:\/\/media-exp1.licdn.com\/dms\/image\/C4E0BAQF4zg0AsZnIPA\/company-logo_200_200\/0\/1613480731046?e=2147483647&amp;v=beta&amp;t=FptdXSn4eeASVhfHU12j0AwjWu5jmj_4ucJpse1gGrI\" alt=\"Lintera | LinkedIn\" width=\"88\" height=\"88\" \/>\u00a0 \u00a0 \u00a0 A technological transportation system has been designed, produced and introduced.<\/p>","protected":false},"excerpt":{"rendered":"<p>A transportation system has been designed, produced and introduced. A transportation system has been designed, produced and introduced. \u00a0Technological transportation systems have been designed, produced and introduced A technological transportation system has been designed, produced and introduced. A technological transportation &hellip; <a href=\"https:\/\/www.pandmeta.lt\/en\/projektai\/\">Continue reading <span class=\"meta-nav\">&rarr;<\/span><\/a><\/p>\n","protected":false},"author":1,"featured_media":0,"parent":0,"menu_order":0,"comment_status":"open","ping_status":"open","template":"","meta":{"footnotes":""},"class_list":["post-7","page","type-page","status-publish","hentry"],"_links":{"self":[{"href":"https:\/\/www.pandmeta.lt\/en\/wp-json\/wp\/v2\/pages\/7","targetHints":{"allow":["GET"]}}],"collection":[{"href":"https:\/\/www.pandmeta.lt\/en\/wp-json\/wp\/v2\/pages"}],"about":[{"href":"https:\/\/www.pandmeta.lt\/en\/wp-json\/wp\/v2\/types\/page"}],"author":[{"embeddable":true,"href":"https:\/\/www.pandmeta.lt\/en\/wp-json\/wp\/v2\/users\/1"}],"replies":[{"embeddable":true,"href":"https:\/\/www.pandmeta.lt\/en\/wp-json\/wp\/v2\/comments?post=7"}],"version-history":[{"count":26,"href":"https:\/\/www.pandmeta.lt\/en\/wp-json\/wp\/v2\/pages\/7\/revisions"}],"predecessor-version":[{"id":1751,"href":"https:\/\/www.pandmeta.lt\/en\/wp-json\/wp\/v2\/pages\/7\/revisions\/1751"}],"wp:attachment":[{"href":"https:\/\/www.pandmeta.lt\/en\/wp-json\/wp\/v2\/media?parent=7"}],"curies":[{"name":"wp","href":"https:\/\/api.w.org\/{rel}","templated":true}]}}